{"id":7633,"date":"2024-03-01T16:53:41","date_gmt":"2024-03-01T15:53:41","guid":{"rendered":"https:\/\/im.se\/?page_id=7633"},"modified":"2026-01-14T07:52:45","modified_gmt":"2026-01-14T06:52:45","slug":"lagerstyrning","status":"publish","type":"page","link":"https:\/\/im.se\/sv\/vara-losningar\/lagerstyrning\/","title":{"rendered":"Lagerstyrning"},"content":{"rendered":"","protected":false},"excerpt":{"rendered":"","protected":false},"author":12,"featured_media":0,"parent":2434,"menu_order":2,"comment_status":"closed","ping_status":"closed","template":"","meta":{"_acf_changed":false,"footnotes":""},"class_list":["post-7633","page","type-page","status-publish","hentry"],"acf":[],"yoast_head":"<!-- This site is optimized with the Yoast SEO plugin v27.2 - https:\/\/yoast.com\/product\/yoast-seo-wordpress\/ -->\n<title>Ink\u00f6psplanering och lagerstyrning som sparar tid | IMI<\/title>\n<meta name=\"description\" content=\"Med v\u00e5rt l\u00e4ttanv\u00e4nda ink\u00f6ps- och lagerstyrningssystem f\u00e5r du kontroll och tryggheten i att k\u00f6pa r\u00e4tt volymer samtidigt som du sparar tid.\" \/>\n<meta name=\"robots\" content=\"index, follow, max-snippet:-1, max-image-preview:large, max-video-preview:-1\" \/>\n<link rel=\"canonical\" href=\"https:\/\/im.se\/sv\/vara-losningar\/lagerstyrning\/\" \/>\n<meta property=\"og:locale\" content=\"sv_SE\" \/>\n<meta property=\"og:type\" content=\"article\" \/>\n<meta property=\"og:title\" content=\"Ink\u00f6psplanering och lagerstyrning som sparar tid | IMI\" \/>\n<meta property=\"og:description\" content=\"Med v\u00e5rt l\u00e4ttanv\u00e4nda ink\u00f6ps- och lagerstyrningssystem f\u00e5r du kontroll och tryggheten i att k\u00f6pa r\u00e4tt volymer samtidigt som du sparar tid.\" \/>\n<meta property=\"og:url\" content=\"https:\/\/im.se\/sv\/vara-losningar\/lagerstyrning\/\" \/>\n<meta property=\"og:site_name\" content=\"IMI Supply Chain Solutions\" \/>\n<meta property=\"article:modified_time\" content=\"2026-01-14T06:52:45+00:00\" \/>\n<meta property=\"og:image\" content=\"https:\/\/im.se\/wp-content\/uploads\/2025\/11\/social-view-1.webp\" \/>\n\t<meta property=\"og:image:width\" content=\"2314\" \/>\n\t<meta property=\"og:image:height\" content=\"1528\" \/>\n\t<meta property=\"og:image:type\" content=\"image\/webp\" \/>\n<meta name=\"twitter:card\" content=\"summary_large_image\" \/>\n<script type=\"application\/ld+json\" class=\"yoast-schema-graph\">{\"@context\":\"https:\/\/schema.org\",\"@graph\":[{\"@type\":\"WebPage\",\"@id\":\"https:\/\/im.se\/sv\/vara-losningar\/lagerstyrning\/\",\"url\":\"https:\/\/im.se\/sv\/vara-losningar\/lagerstyrning\/\",\"name\":\"Ink\u00f6psplanering och lagerstyrning som sparar tid | IMI\",\"isPartOf\":{\"@id\":\"https:\/\/im.se\/#website\"},\"datePublished\":\"2024-03-01T15:53:41+00:00\",\"dateModified\":\"2026-01-14T06:52:45+00:00\",\"description\":\"Med v\u00e5rt l\u00e4ttanv\u00e4nda ink\u00f6ps- och lagerstyrningssystem f\u00e5r du kontroll och tryggheten i att k\u00f6pa r\u00e4tt volymer samtidigt som du sparar tid.\",\"breadcrumb\":{\"@id\":\"https:\/\/im.se\/sv\/vara-losningar\/lagerstyrning\/#breadcrumb\"},\"inLanguage\":\"sv-SE\",\"potentialAction\":[{\"@type\":\"ReadAction\",\"target\":[\"https:\/\/im.se\/sv\/vara-losningar\/lagerstyrning\/\"]}]},{\"@type\":\"BreadcrumbList\",\"@id\":\"https:\/\/im.se\/sv\/vara-losningar\/lagerstyrning\/#breadcrumb\",\"itemListElement\":[{\"@type\":\"ListItem\",\"position\":1,\"name\":\"Home\",\"item\":\"https:\/\/im.se\/sv\/\"},{\"@type\":\"ListItem\",\"position\":2,\"name\":\"Solutions\",\"item\":\"https:\/\/im.se\/sv\/vara-losningar\/\"},{\"@type\":\"ListItem\",\"position\":3,\"name\":\"Lagerstyrning\"}]},{\"@type\":\"WebSite\",\"@id\":\"https:\/\/im.se\/#website\",\"url\":\"https:\/\/im.se\/\",\"name\":\"IMI Supply Chain Solutions\",\"description\":\"Sustainable supply chain\",\"publisher\":{\"@id\":\"https:\/\/im.se\/#organization\"},\"potentialAction\":[{\"@type\":\"SearchAction\",\"target\":{\"@type\":\"EntryPoint\",\"urlTemplate\":\"https:\/\/im.se\/?s={search_term_string}\"},\"query-input\":{\"@type\":\"PropertyValueSpecification\",\"valueRequired\":true,\"valueName\":\"search_term_string\"}}],\"inLanguage\":\"sv-SE\"},{\"@type\":\"Organization\",\"@id\":\"https:\/\/im.se\/#organization\",\"name\":\"Industri-Matematik International AB\",\"alternateName\":\"IMI Supply Chain Solution\",\"url\":\"https:\/\/im.se\/\",\"logo\":{\"@type\":\"ImageObject\",\"inLanguage\":\"sv-SE\",\"@id\":\"https:\/\/im.se\/#\/schema\/logo\/image\/\",\"url\":\"https:\/\/im.se\/wp-content\/uploads\/2024\/10\/imi.jpg\",\"contentUrl\":\"https:\/\/im.se\/wp-content\/uploads\/2024\/10\/imi.jpg\",\"width\":900,\"height\":700,\"caption\":\"Industri-Matematik International AB\"},\"image\":{\"@id\":\"https:\/\/im.se\/#\/schema\/logo\/image\/\"},\"sameAs\":[\"https:\/\/www.linkedin.com\/company\/industri-matematik-international-ab\/\"]}]}<\/script>\n<!-- \/ Yoast SEO plugin. -->","yoast_head_json":{"title":"Ink\u00f6psplanering och lagerstyrning som sparar tid | IMI","description":"Med v\u00e5rt l\u00e4ttanv\u00e4nda ink\u00f6ps- och lagerstyrningssystem f\u00e5r du kontroll och tryggheten i att k\u00f6pa r\u00e4tt volymer samtidigt som du sparar tid.","robots":{"index":"index","follow":"follow","max-snippet":"max-snippet:-1","max-image-preview":"max-image-preview:large","max-video-preview":"max-video-preview:-1"},"canonical":"https:\/\/im.se\/sv\/vara-losningar\/lagerstyrning\/","og_locale":"sv_SE","og_type":"article","og_title":"Ink\u00f6psplanering och lagerstyrning som sparar tid | IMI","og_description":"Med v\u00e5rt l\u00e4ttanv\u00e4nda ink\u00f6ps- och lagerstyrningssystem f\u00e5r du kontroll och tryggheten i att k\u00f6pa r\u00e4tt volymer samtidigt som du sparar tid.","og_url":"https:\/\/im.se\/sv\/vara-losningar\/lagerstyrning\/","og_site_name":"IMI Supply Chain Solutions","article_modified_time":"2026-01-14T06:52:45+00:00","og_image":[{"width":2314,"height":1528,"url":"https:\/\/im.se\/wp-content\/uploads\/2025\/11\/social-view-1.webp","type":"image\/webp"}],"twitter_card":"summary_large_image","schema":{"@context":"https:\/\/schema.org","@graph":[{"@type":"WebPage","@id":"https:\/\/im.se\/sv\/vara-losningar\/lagerstyrning\/","url":"https:\/\/im.se\/sv\/vara-losningar\/lagerstyrning\/","name":"Ink\u00f6psplanering och lagerstyrning som sparar tid | IMI","isPartOf":{"@id":"https:\/\/im.se\/#website"},"datePublished":"2024-03-01T15:53:41+00:00","dateModified":"2026-01-14T06:52:45+00:00","description":"Med v\u00e5rt l\u00e4ttanv\u00e4nda ink\u00f6ps- och lagerstyrningssystem f\u00e5r du kontroll och tryggheten i att k\u00f6pa r\u00e4tt volymer samtidigt som du sparar tid.","breadcrumb":{"@id":"https:\/\/im.se\/sv\/vara-losningar\/lagerstyrning\/#breadcrumb"},"inLanguage":"sv-SE","potentialAction":[{"@type":"ReadAction","target":["https:\/\/im.se\/sv\/vara-losningar\/lagerstyrning\/"]}]},{"@type":"BreadcrumbList","@id":"https:\/\/im.se\/sv\/vara-losningar\/lagerstyrning\/#breadcrumb","itemListElement":[{"@type":"ListItem","position":1,"name":"Home","item":"https:\/\/im.se\/sv\/"},{"@type":"ListItem","position":2,"name":"Solutions","item":"https:\/\/im.se\/sv\/vara-losningar\/"},{"@type":"ListItem","position":3,"name":"Lagerstyrning"}]},{"@type":"WebSite","@id":"https:\/\/im.se\/#website","url":"https:\/\/im.se\/","name":"IMI Supply Chain Solutions","description":"Sustainable supply chain","publisher":{"@id":"https:\/\/im.se\/#organization"},"potentialAction":[{"@type":"SearchAction","target":{"@type":"EntryPoint","urlTemplate":"https:\/\/im.se\/?s={search_term_string}"},"query-input":{"@type":"PropertyValueSpecification","valueRequired":true,"valueName":"search_term_string"}}],"inLanguage":"sv-SE"},{"@type":"Organization","@id":"https:\/\/im.se\/#organization","name":"Industri-Matematik International AB","alternateName":"IMI Supply Chain Solution","url":"https:\/\/im.se\/","logo":{"@type":"ImageObject","inLanguage":"sv-SE","@id":"https:\/\/im.se\/#\/schema\/logo\/image\/","url":"https:\/\/im.se\/wp-content\/uploads\/2024\/10\/imi.jpg","contentUrl":"https:\/\/im.se\/wp-content\/uploads\/2024\/10\/imi.jpg","width":900,"height":700,"caption":"Industri-Matematik International AB"},"image":{"@id":"https:\/\/im.se\/#\/schema\/logo\/image\/"},"sameAs":["https:\/\/www.linkedin.com\/company\/industri-matematik-international-ab\/"]}]}},"_links":{"self":[{"href":"https:\/\/im.se\/sv\/wp-json\/wp\/v2\/pages\/7633","targetHints":{"allow":["GET"]}}],"collection":[{"href":"https:\/\/im.se\/sv\/wp-json\/wp\/v2\/pages"}],"about":[{"href":"https:\/\/im.se\/sv\/wp-json\/wp\/v2\/types\/page"}],"author":[{"embeddable":true,"href":"https:\/\/im.se\/sv\/wp-json\/wp\/v2\/users\/12"}],"replies":[{"embeddable":true,"href":"https:\/\/im.se\/sv\/wp-json\/wp\/v2\/comments?post=7633"}],"version-history":[{"count":22,"href":"https:\/\/im.se\/sv\/wp-json\/wp\/v2\/pages\/7633\/revisions"}],"predecessor-version":[{"id":17967,"href":"https:\/\/im.se\/sv\/wp-json\/wp\/v2\/pages\/7633\/revisions\/17967"}],"up":[{"embeddable":true,"href":"https:\/\/im.se\/sv\/wp-json\/wp\/v2\/pages\/2434"}],"wp:attachment":[{"href":"https:\/\/im.se\/sv\/wp-json\/wp\/v2\/media?parent=7633"}],"curies":[{"name":"wp","href":"https:\/\/api.w.org\/{rel}","templated":true}]}}