{"id":4118,"date":"2022-10-31T15:20:55","date_gmt":"2022-10-31T14:20:55","guid":{"rendered":"https:\/\/im.se\/kundcase\/granada-tpl\/"},"modified":"2026-03-27T09:35:12","modified_gmt":"2026-03-27T08:35:12","slug":"granada-tpl","status":"publish","type":"page","link":"https:\/\/im.se\/sv\/kundcase\/granada-tpl\/","title":{"rendered":"Granada"},"content":{"rendered":"","protected":false},"excerpt":{"rendered":"","protected":false},"author":12,"featured_media":0,"parent":1944,"menu_order":0,"comment_status":"closed","ping_status":"closed","template":"","meta":{"_acf_changed":false,"footnotes":""},"class_list":["post-4118","page","type-page","status-publish","hentry"],"acf":[],"yoast_head":"<!-- This site is optimized with the Yoast SEO plugin v27.2 - https:\/\/yoast.com\/product\/yoast-seo-wordpress\/ -->\n<title>Kundcase - Granada, ett norskt 3PL f\u00f6retag<\/title>\n<meta name=\"description\" content=\"Uppt\u00e4ck hur Granada TPL optimerade lagerdriften med IMI. Skalbara, flexibla logistikl\u00f6sningar \u2013 se hela kundframg\u00e5ngsber\u00e4ttelsen!\" \/>\n<meta name=\"robots\" content=\"index, follow, max-snippet:-1, max-image-preview:large, max-video-preview:-1\" \/>\n<link rel=\"canonical\" href=\"https:\/\/im.se\/sv\/kundcase\/granada-tpl\/\" \/>\n<meta property=\"og:locale\" content=\"sv_SE\" \/>\n<meta property=\"og:type\" content=\"article\" \/>\n<meta property=\"og:title\" content=\"Kundcase - Granada, ett norskt 3PL f\u00f6retag\" \/>\n<meta property=\"og:description\" content=\"Uppt\u00e4ck hur Granada TPL optimerade lagerdriften med IMI. Skalbara, flexibla logistikl\u00f6sningar \u2013 se hela kundframg\u00e5ngsber\u00e4ttelsen!\" \/>\n<meta property=\"og:url\" content=\"https:\/\/im.se\/sv\/kundcase\/granada-tpl\/\" \/>\n<meta property=\"og:site_name\" content=\"IMI Supply Chain Solutions\" \/>\n<meta property=\"article:modified_time\" content=\"2026-03-27T08:35:12+00:00\" \/>\n<meta property=\"og:image\" content=\"https:\/\/im.se\/wp-content\/uploads\/2025\/11\/social-view-1.webp\" \/>\n\t<meta property=\"og:image:width\" content=\"2314\" \/>\n\t<meta property=\"og:image:height\" content=\"1528\" \/>\n\t<meta property=\"og:image:type\" content=\"image\/webp\" \/>\n<meta name=\"twitter:card\" content=\"summary_large_image\" \/>\n<script type=\"application\/ld+json\" class=\"yoast-schema-graph\">{\"@context\":\"https:\/\/schema.org\",\"@graph\":[{\"@type\":\"WebPage\",\"@id\":\"https:\/\/im.se\/sv\/kundcase\/granada-tpl\/\",\"url\":\"https:\/\/im.se\/sv\/kundcase\/granada-tpl\/\",\"name\":\"Kundcase - Granada, ett norskt 3PL f\u00f6retag\",\"isPartOf\":{\"@id\":\"https:\/\/im.se\/#website\"},\"datePublished\":\"2022-10-31T14:20:55+00:00\",\"dateModified\":\"2026-03-27T08:35:12+00:00\",\"description\":\"Uppt\u00e4ck hur Granada TPL optimerade lagerdriften med IMI. Skalbara, flexibla logistikl\u00f6sningar \u2013 se hela kundframg\u00e5ngsber\u00e4ttelsen!\",\"breadcrumb\":{\"@id\":\"https:\/\/im.se\/sv\/kundcase\/granada-tpl\/#breadcrumb\"},\"inLanguage\":\"sv-SE\",\"potentialAction\":[{\"@type\":\"ReadAction\",\"target\":[\"https:\/\/im.se\/sv\/kundcase\/granada-tpl\/\"]}]},{\"@type\":\"BreadcrumbList\",\"@id\":\"https:\/\/im.se\/sv\/kundcase\/granada-tpl\/#breadcrumb\",\"itemListElement\":[{\"@type\":\"ListItem\",\"position\":1,\"name\":\"Home\",\"item\":\"https:\/\/im.se\/sv\/\"},{\"@type\":\"ListItem\",\"position\":2,\"name\":\"Kundcase\",\"item\":\"https:\/\/im.se\/sv\/kundcase\/\"},{\"@type\":\"ListItem\",\"position\":3,\"name\":\"Granada\"}]},{\"@type\":\"WebSite\",\"@id\":\"https:\/\/im.se\/#website\",\"url\":\"https:\/\/im.se\/\",\"name\":\"IMI Supply Chain Solutions\",\"description\":\"Sustainable supply chain\",\"publisher\":{\"@id\":\"https:\/\/im.se\/#organization\"},\"potentialAction\":[{\"@type\":\"SearchAction\",\"target\":{\"@type\":\"EntryPoint\",\"urlTemplate\":\"https:\/\/im.se\/?s={search_term_string}\"},\"query-input\":{\"@type\":\"PropertyValueSpecification\",\"valueRequired\":true,\"valueName\":\"search_term_string\"}}],\"inLanguage\":\"sv-SE\"},{\"@type\":\"Organization\",\"@id\":\"https:\/\/im.se\/#organization\",\"name\":\"Industri-Matematik International AB\",\"alternateName\":\"IMI Supply Chain Solution\",\"url\":\"https:\/\/im.se\/\",\"logo\":{\"@type\":\"ImageObject\",\"inLanguage\":\"sv-SE\",\"@id\":\"https:\/\/im.se\/#\/schema\/logo\/image\/\",\"url\":\"https:\/\/im.se\/wp-content\/uploads\/2024\/10\/imi.jpg\",\"contentUrl\":\"https:\/\/im.se\/wp-content\/uploads\/2024\/10\/imi.jpg\",\"width\":900,\"height\":700,\"caption\":\"Industri-Matematik International AB\"},\"image\":{\"@id\":\"https:\/\/im.se\/#\/schema\/logo\/image\/\"},\"sameAs\":[\"https:\/\/www.linkedin.com\/company\/industri-matematik-international-ab\/\"]}]}<\/script>\n<!-- \/ Yoast SEO plugin. -->","yoast_head_json":{"title":"Kundcase - Granada, ett norskt 3PL f\u00f6retag","description":"Uppt\u00e4ck hur Granada TPL optimerade lagerdriften med IMI. Skalbara, flexibla logistikl\u00f6sningar \u2013 se hela kundframg\u00e5ngsber\u00e4ttelsen!","robots":{"index":"index","follow":"follow","max-snippet":"max-snippet:-1","max-image-preview":"max-image-preview:large","max-video-preview":"max-video-preview:-1"},"canonical":"https:\/\/im.se\/sv\/kundcase\/granada-tpl\/","og_locale":"sv_SE","og_type":"article","og_title":"Kundcase - Granada, ett norskt 3PL f\u00f6retag","og_description":"Uppt\u00e4ck hur Granada TPL optimerade lagerdriften med IMI. Skalbara, flexibla logistikl\u00f6sningar \u2013 se hela kundframg\u00e5ngsber\u00e4ttelsen!","og_url":"https:\/\/im.se\/sv\/kundcase\/granada-tpl\/","og_site_name":"IMI Supply Chain Solutions","article_modified_time":"2026-03-27T08:35:12+00:00","og_image":[{"width":2314,"height":1528,"url":"https:\/\/im.se\/wp-content\/uploads\/2025\/11\/social-view-1.webp","type":"image\/webp"}],"twitter_card":"summary_large_image","schema":{"@context":"https:\/\/schema.org","@graph":[{"@type":"WebPage","@id":"https:\/\/im.se\/sv\/kundcase\/granada-tpl\/","url":"https:\/\/im.se\/sv\/kundcase\/granada-tpl\/","name":"Kundcase - Granada, ett norskt 3PL f\u00f6retag","isPartOf":{"@id":"https:\/\/im.se\/#website"},"datePublished":"2022-10-31T14:20:55+00:00","dateModified":"2026-03-27T08:35:12+00:00","description":"Uppt\u00e4ck hur Granada TPL optimerade lagerdriften med IMI. Skalbara, flexibla logistikl\u00f6sningar \u2013 se hela kundframg\u00e5ngsber\u00e4ttelsen!","breadcrumb":{"@id":"https:\/\/im.se\/sv\/kundcase\/granada-tpl\/#breadcrumb"},"inLanguage":"sv-SE","potentialAction":[{"@type":"ReadAction","target":["https:\/\/im.se\/sv\/kundcase\/granada-tpl\/"]}]},{"@type":"BreadcrumbList","@id":"https:\/\/im.se\/sv\/kundcase\/granada-tpl\/#breadcrumb","itemListElement":[{"@type":"ListItem","position":1,"name":"Home","item":"https:\/\/im.se\/sv\/"},{"@type":"ListItem","position":2,"name":"Kundcase","item":"https:\/\/im.se\/sv\/kundcase\/"},{"@type":"ListItem","position":3,"name":"Granada"}]},{"@type":"WebSite","@id":"https:\/\/im.se\/#website","url":"https:\/\/im.se\/","name":"IMI Supply Chain Solutions","description":"Sustainable supply chain","publisher":{"@id":"https:\/\/im.se\/#organization"},"potentialAction":[{"@type":"SearchAction","target":{"@type":"EntryPoint","urlTemplate":"https:\/\/im.se\/?s={search_term_string}"},"query-input":{"@type":"PropertyValueSpecification","valueRequired":true,"valueName":"search_term_string"}}],"inLanguage":"sv-SE"},{"@type":"Organization","@id":"https:\/\/im.se\/#organization","name":"Industri-Matematik International AB","alternateName":"IMI Supply Chain Solution","url":"https:\/\/im.se\/","logo":{"@type":"ImageObject","inLanguage":"sv-SE","@id":"https:\/\/im.se\/#\/schema\/logo\/image\/","url":"https:\/\/im.se\/wp-content\/uploads\/2024\/10\/imi.jpg","contentUrl":"https:\/\/im.se\/wp-content\/uploads\/2024\/10\/imi.jpg","width":900,"height":700,"caption":"Industri-Matematik International AB"},"image":{"@id":"https:\/\/im.se\/#\/schema\/logo\/image\/"},"sameAs":["https:\/\/www.linkedin.com\/company\/industri-matematik-international-ab\/"]}]}},"_links":{"self":[{"href":"https:\/\/im.se\/sv\/wp-json\/wp\/v2\/pages\/4118","targetHints":{"allow":["GET"]}}],"collection":[{"href":"https:\/\/im.se\/sv\/wp-json\/wp\/v2\/pages"}],"about":[{"href":"https:\/\/im.se\/sv\/wp-json\/wp\/v2\/types\/page"}],"author":[{"embeddable":true,"href":"https:\/\/im.se\/sv\/wp-json\/wp\/v2\/users\/12"}],"replies":[{"embeddable":true,"href":"https:\/\/im.se\/sv\/wp-json\/wp\/v2\/comments?post=4118"}],"version-history":[{"count":8,"href":"https:\/\/im.se\/sv\/wp-json\/wp\/v2\/pages\/4118\/revisions"}],"predecessor-version":[{"id":19242,"href":"https:\/\/im.se\/sv\/wp-json\/wp\/v2\/pages\/4118\/revisions\/19242"}],"up":[{"embeddable":true,"href":"https:\/\/im.se\/sv\/wp-json\/wp\/v2\/pages\/1944"}],"wp:attachment":[{"href":"https:\/\/im.se\/sv\/wp-json\/wp\/v2\/media?parent=4118"}],"curies":[{"name":"wp","href":"https:\/\/api.w.org\/{rel}","templated":true}]}}