{"id":15266,"date":"2025-09-23T15:45:24","date_gmt":"2025-09-23T13:45:24","guid":{"rendered":"https:\/\/im.se\/?page_id=15266"},"modified":"2026-02-03T10:12:25","modified_gmt":"2026-02-03T09:12:25","slug":"leveransalternativ","status":"publish","type":"page","link":"https:\/\/im.se\/sv\/vara-losningar\/leveransalternativ\/","title":{"rendered":"Leveransalternativ"},"content":{"rendered":"","protected":false},"excerpt":{"rendered":"","protected":false},"author":23,"featured_media":0,"parent":2434,"menu_order":0,"comment_status":"closed","ping_status":"closed","template":"","meta":{"_acf_changed":false,"footnotes":""},"class_list":["post-15266","page","type-page","status-publish","hentry"],"acf":[],"yoast_head":"<!-- This site is optimized with the Yoast SEO plugin v27.2 - https:\/\/yoast.com\/product\/yoast-seo-wordpress\/ -->\n<title>Leveransalternativ - IMI Supply Chain Solutions<\/title>\n<meta name=\"description\" content=\"Med IMI f\u00e5r du en l\u00f6sning f\u00f6r leveransalternativ som f\u00f6renar kundupplevelse, kontroll och enkel administration \u2013 allt i samma plattform\" \/>\n<meta name=\"robots\" content=\"noindex, nofollow\" \/>\n<meta property=\"og:locale\" content=\"sv_SE\" \/>\n<meta property=\"og:type\" content=\"article\" \/>\n<meta property=\"og:title\" content=\"Leveransalternativ - IMI Supply Chain Solutions\" \/>\n<meta property=\"og:description\" content=\"Med IMI f\u00e5r du en l\u00f6sning f\u00f6r leveransalternativ som f\u00f6renar kundupplevelse, kontroll och enkel administration \u2013 allt i samma plattform\" \/>\n<meta property=\"og:url\" content=\"https:\/\/im.se\/sv\/vara-losningar\/leveransalternativ\/\" \/>\n<meta property=\"og:site_name\" content=\"IMI Supply Chain Solutions\" \/>\n<meta property=\"article:modified_time\" content=\"2026-02-03T09:12:25+00:00\" \/>\n<meta property=\"og:image\" content=\"https:\/\/im.se\/wp-content\/uploads\/2025\/11\/social-view-1.webp\" \/>\n\t<meta property=\"og:image:width\" content=\"2314\" \/>\n\t<meta property=\"og:image:height\" content=\"1528\" \/>\n\t<meta property=\"og:image:type\" content=\"image\/webp\" \/>\n<meta name=\"twitter:card\" content=\"summary_large_image\" \/>\n<script type=\"application\/ld+json\" class=\"yoast-schema-graph\">{\"@context\":\"https:\/\/schema.org\",\"@graph\":[{\"@type\":\"WebPage\",\"@id\":\"https:\/\/im.se\/sv\/vara-losningar\/leveransalternativ\/\",\"url\":\"https:\/\/im.se\/sv\/vara-losningar\/leveransalternativ\/\",\"name\":\"Leveransalternativ - IMI Supply Chain Solutions\",\"isPartOf\":{\"@id\":\"https:\/\/im.se\/#website\"},\"datePublished\":\"2025-09-23T13:45:24+00:00\",\"dateModified\":\"2026-02-03T09:12:25+00:00\",\"description\":\"Med IMI f\u00e5r du en l\u00f6sning f\u00f6r leveransalternativ som f\u00f6renar kundupplevelse, kontroll och enkel administration \u2013 allt i samma plattform\",\"breadcrumb\":{\"@id\":\"https:\/\/im.se\/sv\/vara-losningar\/leveransalternativ\/#breadcrumb\"},\"inLanguage\":\"sv-SE\",\"potentialAction\":[{\"@type\":\"ReadAction\",\"target\":[\"https:\/\/im.se\/sv\/vara-losningar\/leveransalternativ\/\"]}]},{\"@type\":\"BreadcrumbList\",\"@id\":\"https:\/\/im.se\/sv\/vara-losningar\/leveransalternativ\/#breadcrumb\",\"itemListElement\":[{\"@type\":\"ListItem\",\"position\":1,\"name\":\"Home\",\"item\":\"https:\/\/im.se\/sv\/\"},{\"@type\":\"ListItem\",\"position\":2,\"name\":\"Solutions\",\"item\":\"https:\/\/im.se\/sv\/vara-losningar\/\"},{\"@type\":\"ListItem\",\"position\":3,\"name\":\"Leveransalternativ\"}]},{\"@type\":\"WebSite\",\"@id\":\"https:\/\/im.se\/#website\",\"url\":\"https:\/\/im.se\/\",\"name\":\"IMI Supply Chain Solutions\",\"description\":\"Sustainable supply chain\",\"publisher\":{\"@id\":\"https:\/\/im.se\/#organization\"},\"potentialAction\":[{\"@type\":\"SearchAction\",\"target\":{\"@type\":\"EntryPoint\",\"urlTemplate\":\"https:\/\/im.se\/?s={search_term_string}\"},\"query-input\":{\"@type\":\"PropertyValueSpecification\",\"valueRequired\":true,\"valueName\":\"search_term_string\"}}],\"inLanguage\":\"sv-SE\"},{\"@type\":\"Organization\",\"@id\":\"https:\/\/im.se\/#organization\",\"name\":\"Industri-Matematik International AB\",\"alternateName\":\"IMI Supply Chain Solution\",\"url\":\"https:\/\/im.se\/\",\"logo\":{\"@type\":\"ImageObject\",\"inLanguage\":\"sv-SE\",\"@id\":\"https:\/\/im.se\/#\/schema\/logo\/image\/\",\"url\":\"https:\/\/im.se\/wp-content\/uploads\/2024\/10\/imi.jpg\",\"contentUrl\":\"https:\/\/im.se\/wp-content\/uploads\/2024\/10\/imi.jpg\",\"width\":900,\"height\":700,\"caption\":\"Industri-Matematik International AB\"},\"image\":{\"@id\":\"https:\/\/im.se\/#\/schema\/logo\/image\/\"},\"sameAs\":[\"https:\/\/www.linkedin.com\/company\/industri-matematik-international-ab\/\"]}]}<\/script>\n<!-- \/ Yoast SEO plugin. -->","yoast_head_json":{"title":"Leveransalternativ - IMI Supply Chain Solutions","description":"Med IMI f\u00e5r du en l\u00f6sning f\u00f6r leveransalternativ som f\u00f6renar kundupplevelse, kontroll och enkel administration \u2013 allt i samma plattform","robots":{"index":"noindex","follow":"nofollow"},"og_locale":"sv_SE","og_type":"article","og_title":"Leveransalternativ - IMI Supply Chain Solutions","og_description":"Med IMI f\u00e5r du en l\u00f6sning f\u00f6r leveransalternativ som f\u00f6renar kundupplevelse, kontroll och enkel administration \u2013 allt i samma plattform","og_url":"https:\/\/im.se\/sv\/vara-losningar\/leveransalternativ\/","og_site_name":"IMI Supply Chain Solutions","article_modified_time":"2026-02-03T09:12:25+00:00","og_image":[{"width":2314,"height":1528,"url":"https:\/\/im.se\/wp-content\/uploads\/2025\/11\/social-view-1.webp","type":"image\/webp"}],"twitter_card":"summary_large_image","schema":{"@context":"https:\/\/schema.org","@graph":[{"@type":"WebPage","@id":"https:\/\/im.se\/sv\/vara-losningar\/leveransalternativ\/","url":"https:\/\/im.se\/sv\/vara-losningar\/leveransalternativ\/","name":"Leveransalternativ - IMI Supply Chain Solutions","isPartOf":{"@id":"https:\/\/im.se\/#website"},"datePublished":"2025-09-23T13:45:24+00:00","dateModified":"2026-02-03T09:12:25+00:00","description":"Med IMI f\u00e5r du en l\u00f6sning f\u00f6r leveransalternativ som f\u00f6renar kundupplevelse, kontroll och enkel administration \u2013 allt i samma plattform","breadcrumb":{"@id":"https:\/\/im.se\/sv\/vara-losningar\/leveransalternativ\/#breadcrumb"},"inLanguage":"sv-SE","potentialAction":[{"@type":"ReadAction","target":["https:\/\/im.se\/sv\/vara-losningar\/leveransalternativ\/"]}]},{"@type":"BreadcrumbList","@id":"https:\/\/im.se\/sv\/vara-losningar\/leveransalternativ\/#breadcrumb","itemListElement":[{"@type":"ListItem","position":1,"name":"Home","item":"https:\/\/im.se\/sv\/"},{"@type":"ListItem","position":2,"name":"Solutions","item":"https:\/\/im.se\/sv\/vara-losningar\/"},{"@type":"ListItem","position":3,"name":"Leveransalternativ"}]},{"@type":"WebSite","@id":"https:\/\/im.se\/#website","url":"https:\/\/im.se\/","name":"IMI Supply Chain Solutions","description":"Sustainable supply chain","publisher":{"@id":"https:\/\/im.se\/#organization"},"potentialAction":[{"@type":"SearchAction","target":{"@type":"EntryPoint","urlTemplate":"https:\/\/im.se\/?s={search_term_string}"},"query-input":{"@type":"PropertyValueSpecification","valueRequired":true,"valueName":"search_term_string"}}],"inLanguage":"sv-SE"},{"@type":"Organization","@id":"https:\/\/im.se\/#organization","name":"Industri-Matematik International AB","alternateName":"IMI Supply Chain Solution","url":"https:\/\/im.se\/","logo":{"@type":"ImageObject","inLanguage":"sv-SE","@id":"https:\/\/im.se\/#\/schema\/logo\/image\/","url":"https:\/\/im.se\/wp-content\/uploads\/2024\/10\/imi.jpg","contentUrl":"https:\/\/im.se\/wp-content\/uploads\/2024\/10\/imi.jpg","width":900,"height":700,"caption":"Industri-Matematik International AB"},"image":{"@id":"https:\/\/im.se\/#\/schema\/logo\/image\/"},"sameAs":["https:\/\/www.linkedin.com\/company\/industri-matematik-international-ab\/"]}]}},"_links":{"self":[{"href":"https:\/\/im.se\/sv\/wp-json\/wp\/v2\/pages\/15266","targetHints":{"allow":["GET"]}}],"collection":[{"href":"https:\/\/im.se\/sv\/wp-json\/wp\/v2\/pages"}],"about":[{"href":"https:\/\/im.se\/sv\/wp-json\/wp\/v2\/types\/page"}],"author":[{"embeddable":true,"href":"https:\/\/im.se\/sv\/wp-json\/wp\/v2\/users\/23"}],"replies":[{"embeddable":true,"href":"https:\/\/im.se\/sv\/wp-json\/wp\/v2\/comments?post=15266"}],"version-history":[{"count":20,"href":"https:\/\/im.se\/sv\/wp-json\/wp\/v2\/pages\/15266\/revisions"}],"predecessor-version":[{"id":18333,"href":"https:\/\/im.se\/sv\/wp-json\/wp\/v2\/pages\/15266\/revisions\/18333"}],"up":[{"embeddable":true,"href":"https:\/\/im.se\/sv\/wp-json\/wp\/v2\/pages\/2434"}],"wp:attachment":[{"href":"https:\/\/im.se\/sv\/wp-json\/wp\/v2\/media?parent=15266"}],"curies":[{"name":"wp","href":"https:\/\/api.w.org\/{rel}","templated":true}]}}