{"id":11649,"date":"2023-12-07T13:43:36","date_gmt":"2023-12-07T12:43:36","guid":{"rendered":"https:\/\/im.se\/vara-losningar\/activities\/"},"modified":"2026-04-22T14:56:14","modified_gmt":"2026-04-22T12:56:14","slug":"activities","status":"publish","type":"page","link":"https:\/\/im.se\/sv\/vara-losningar\/avvikelse-och-skadehantering\/activities\/","title":{"rendered":"Aktiviteter"},"content":{"rendered":"","protected":false},"excerpt":{"rendered":"","protected":false},"author":12,"featured_media":0,"parent":11620,"menu_order":1,"comment_status":"closed","ping_status":"closed","template":"","meta":{"_acf_changed":false,"footnotes":""},"class_list":["post-11649","page","type-page","status-publish","hentry"],"acf":[],"yoast_head":"<!-- This site is optimized with the Yoast SEO plugin v27.2 - https:\/\/yoast.com\/product\/yoast-seo-wordpress\/ -->\n<title>Kvalitetskontroll\u00f6sning fr\u00e5n IMI<\/title>\n<meta name=\"description\" content=\"\u200bIMI:s aktivitetsmodul effektiviserar hanteringen av uppgifter och projekt genom snabb registrering, enkel prioritering och smidig integration med Microsoft Teams. Detta underl\u00e4ttar samarbetet och f\u00f6rb\u00e4ttrar uppf\u00f6ljningen av aktiviteter och avvikelser. Kontakta oss idag f\u00f6r att optimera er verksamhet.\u200b\" \/>\n<meta name=\"robots\" content=\"index, follow, max-snippet:-1, max-image-preview:large, max-video-preview:-1\" \/>\n<link rel=\"canonical\" href=\"https:\/\/im.se\/sv\/vara-losningar\/avvikelse-och-skadehantering\/activities\/\" \/>\n<meta property=\"og:locale\" content=\"sv_SE\" \/>\n<meta property=\"og:type\" content=\"article\" \/>\n<meta property=\"og:title\" content=\"Kvalitetskontroll\u00f6sning fr\u00e5n IMI\" \/>\n<meta property=\"og:description\" content=\"\u200bIMI:s aktivitetsmodul effektiviserar hanteringen av uppgifter och projekt genom snabb registrering, enkel prioritering och smidig integration med Microsoft Teams. Detta underl\u00e4ttar samarbetet och f\u00f6rb\u00e4ttrar uppf\u00f6ljningen av aktiviteter och avvikelser. Kontakta oss idag f\u00f6r att optimera er verksamhet.\u200b\" \/>\n<meta property=\"og:url\" content=\"https:\/\/im.se\/sv\/vara-losningar\/avvikelse-och-skadehantering\/activities\/\" \/>\n<meta property=\"og:site_name\" content=\"IMI Supply Chain Solutions\" \/>\n<meta property=\"article:modified_time\" content=\"2026-04-22T12:56:14+00:00\" \/>\n<meta property=\"og:image\" content=\"https:\/\/im.se\/wp-content\/uploads\/2025\/11\/social-view-1.webp\" \/>\n\t<meta property=\"og:image:width\" content=\"2314\" \/>\n\t<meta property=\"og:image:height\" content=\"1528\" \/>\n\t<meta property=\"og:image:type\" content=\"image\/webp\" \/>\n<meta name=\"twitter:card\" content=\"summary_large_image\" \/>\n<script type=\"application\/ld+json\" class=\"yoast-schema-graph\">{\"@context\":\"https:\/\/schema.org\",\"@graph\":[{\"@type\":\"WebPage\",\"@id\":\"https:\/\/im.se\/sv\/vara-losningar\/avvikelse-och-skadehantering\/activities\/\",\"url\":\"https:\/\/im.se\/sv\/vara-losningar\/avvikelse-och-skadehantering\/activities\/\",\"name\":\"Kvalitetskontroll\u00f6sning fr\u00e5n IMI\",\"isPartOf\":{\"@id\":\"https:\/\/im.se\/#website\"},\"datePublished\":\"2023-12-07T12:43:36+00:00\",\"dateModified\":\"2026-04-22T12:56:14+00:00\",\"description\":\"\u200bIMI:s aktivitetsmodul effektiviserar hanteringen av uppgifter och projekt genom snabb registrering, enkel prioritering och smidig integration med Microsoft Teams. Detta underl\u00e4ttar samarbetet och f\u00f6rb\u00e4ttrar uppf\u00f6ljningen av aktiviteter och avvikelser. Kontakta oss idag f\u00f6r att optimera er verksamhet.\u200b\",\"breadcrumb\":{\"@id\":\"https:\/\/im.se\/sv\/vara-losningar\/avvikelse-och-skadehantering\/activities\/#breadcrumb\"},\"inLanguage\":\"sv-SE\",\"potentialAction\":[{\"@type\":\"ReadAction\",\"target\":[\"https:\/\/im.se\/sv\/vara-losningar\/avvikelse-och-skadehantering\/activities\/\"]}]},{\"@type\":\"BreadcrumbList\",\"@id\":\"https:\/\/im.se\/sv\/vara-losningar\/avvikelse-och-skadehantering\/activities\/#breadcrumb\",\"itemListElement\":[{\"@type\":\"ListItem\",\"position\":1,\"name\":\"Home\",\"item\":\"https:\/\/im.se\/sv\/\"},{\"@type\":\"ListItem\",\"position\":2,\"name\":\"Solutions\",\"item\":\"https:\/\/im.se\/sv\/vara-losningar\/\"},{\"@type\":\"ListItem\",\"position\":3,\"name\":\"Kvalitetskontroll\",\"item\":\"https:\/\/im.se\/sv\/vara-losningar\/avvikelse-och-skadehantering\/\"},{\"@type\":\"ListItem\",\"position\":4,\"name\":\"Aktiviteter\"}]},{\"@type\":\"WebSite\",\"@id\":\"https:\/\/im.se\/#website\",\"url\":\"https:\/\/im.se\/\",\"name\":\"IMI Supply Chain Solutions\",\"description\":\"Sustainable supply chain\",\"publisher\":{\"@id\":\"https:\/\/im.se\/#organization\"},\"potentialAction\":[{\"@type\":\"SearchAction\",\"target\":{\"@type\":\"EntryPoint\",\"urlTemplate\":\"https:\/\/im.se\/?s={search_term_string}\"},\"query-input\":{\"@type\":\"PropertyValueSpecification\",\"valueRequired\":true,\"valueName\":\"search_term_string\"}}],\"inLanguage\":\"sv-SE\"},{\"@type\":\"Organization\",\"@id\":\"https:\/\/im.se\/#organization\",\"name\":\"Industri-Matematik International AB\",\"alternateName\":\"IMI Supply Chain Solution\",\"url\":\"https:\/\/im.se\/\",\"logo\":{\"@type\":\"ImageObject\",\"inLanguage\":\"sv-SE\",\"@id\":\"https:\/\/im.se\/#\/schema\/logo\/image\/\",\"url\":\"https:\/\/im.se\/wp-content\/uploads\/2024\/10\/imi.jpg\",\"contentUrl\":\"https:\/\/im.se\/wp-content\/uploads\/2024\/10\/imi.jpg\",\"width\":900,\"height\":700,\"caption\":\"Industri-Matematik International AB\"},\"image\":{\"@id\":\"https:\/\/im.se\/#\/schema\/logo\/image\/\"},\"sameAs\":[\"https:\/\/www.linkedin.com\/company\/industri-matematik-international-ab\/\"]}]}<\/script>\n<!-- \/ Yoast SEO plugin. -->","yoast_head_json":{"title":"Kvalitetskontroll\u00f6sning fr\u00e5n IMI","description":"\u200bIMI:s aktivitetsmodul effektiviserar hanteringen av uppgifter och projekt genom snabb registrering, enkel prioritering och smidig integration med Microsoft Teams. Detta underl\u00e4ttar samarbetet och f\u00f6rb\u00e4ttrar uppf\u00f6ljningen av aktiviteter och avvikelser. Kontakta oss idag f\u00f6r att optimera er verksamhet.\u200b","robots":{"index":"index","follow":"follow","max-snippet":"max-snippet:-1","max-image-preview":"max-image-preview:large","max-video-preview":"max-video-preview:-1"},"canonical":"https:\/\/im.se\/sv\/vara-losningar\/avvikelse-och-skadehantering\/activities\/","og_locale":"sv_SE","og_type":"article","og_title":"Kvalitetskontroll\u00f6sning fr\u00e5n IMI","og_description":"\u200bIMI:s aktivitetsmodul effektiviserar hanteringen av uppgifter och projekt genom snabb registrering, enkel prioritering och smidig integration med Microsoft Teams. Detta underl\u00e4ttar samarbetet och f\u00f6rb\u00e4ttrar uppf\u00f6ljningen av aktiviteter och avvikelser. Kontakta oss idag f\u00f6r att optimera er verksamhet.\u200b","og_url":"https:\/\/im.se\/sv\/vara-losningar\/avvikelse-och-skadehantering\/activities\/","og_site_name":"IMI Supply Chain Solutions","article_modified_time":"2026-04-22T12:56:14+00:00","og_image":[{"width":2314,"height":1528,"url":"https:\/\/im.se\/wp-content\/uploads\/2025\/11\/social-view-1.webp","type":"image\/webp"}],"twitter_card":"summary_large_image","schema":{"@context":"https:\/\/schema.org","@graph":[{"@type":"WebPage","@id":"https:\/\/im.se\/sv\/vara-losningar\/avvikelse-och-skadehantering\/activities\/","url":"https:\/\/im.se\/sv\/vara-losningar\/avvikelse-och-skadehantering\/activities\/","name":"Kvalitetskontroll\u00f6sning fr\u00e5n IMI","isPartOf":{"@id":"https:\/\/im.se\/#website"},"datePublished":"2023-12-07T12:43:36+00:00","dateModified":"2026-04-22T12:56:14+00:00","description":"\u200bIMI:s aktivitetsmodul effektiviserar hanteringen av uppgifter och projekt genom snabb registrering, enkel prioritering och smidig integration med Microsoft Teams. Detta underl\u00e4ttar samarbetet och f\u00f6rb\u00e4ttrar uppf\u00f6ljningen av aktiviteter och avvikelser. Kontakta oss idag f\u00f6r att optimera er verksamhet.\u200b","breadcrumb":{"@id":"https:\/\/im.se\/sv\/vara-losningar\/avvikelse-och-skadehantering\/activities\/#breadcrumb"},"inLanguage":"sv-SE","potentialAction":[{"@type":"ReadAction","target":["https:\/\/im.se\/sv\/vara-losningar\/avvikelse-och-skadehantering\/activities\/"]}]},{"@type":"BreadcrumbList","@id":"https:\/\/im.se\/sv\/vara-losningar\/avvikelse-och-skadehantering\/activities\/#breadcrumb","itemListElement":[{"@type":"ListItem","position":1,"name":"Home","item":"https:\/\/im.se\/sv\/"},{"@type":"ListItem","position":2,"name":"Solutions","item":"https:\/\/im.se\/sv\/vara-losningar\/"},{"@type":"ListItem","position":3,"name":"Kvalitetskontroll","item":"https:\/\/im.se\/sv\/vara-losningar\/avvikelse-och-skadehantering\/"},{"@type":"ListItem","position":4,"name":"Aktiviteter"}]},{"@type":"WebSite","@id":"https:\/\/im.se\/#website","url":"https:\/\/im.se\/","name":"IMI Supply Chain Solutions","description":"Sustainable supply chain","publisher":{"@id":"https:\/\/im.se\/#organization"},"potentialAction":[{"@type":"SearchAction","target":{"@type":"EntryPoint","urlTemplate":"https:\/\/im.se\/?s={search_term_string}"},"query-input":{"@type":"PropertyValueSpecification","valueRequired":true,"valueName":"search_term_string"}}],"inLanguage":"sv-SE"},{"@type":"Organization","@id":"https:\/\/im.se\/#organization","name":"Industri-Matematik International AB","alternateName":"IMI Supply Chain Solution","url":"https:\/\/im.se\/","logo":{"@type":"ImageObject","inLanguage":"sv-SE","@id":"https:\/\/im.se\/#\/schema\/logo\/image\/","url":"https:\/\/im.se\/wp-content\/uploads\/2024\/10\/imi.jpg","contentUrl":"https:\/\/im.se\/wp-content\/uploads\/2024\/10\/imi.jpg","width":900,"height":700,"caption":"Industri-Matematik International AB"},"image":{"@id":"https:\/\/im.se\/#\/schema\/logo\/image\/"},"sameAs":["https:\/\/www.linkedin.com\/company\/industri-matematik-international-ab\/"]}]}},"_links":{"self":[{"href":"https:\/\/im.se\/sv\/wp-json\/wp\/v2\/pages\/11649","targetHints":{"allow":["GET"]}}],"collection":[{"href":"https:\/\/im.se\/sv\/wp-json\/wp\/v2\/pages"}],"about":[{"href":"https:\/\/im.se\/sv\/wp-json\/wp\/v2\/types\/page"}],"author":[{"embeddable":true,"href":"https:\/\/im.se\/sv\/wp-json\/wp\/v2\/users\/12"}],"replies":[{"embeddable":true,"href":"https:\/\/im.se\/sv\/wp-json\/wp\/v2\/comments?post=11649"}],"version-history":[{"count":9,"href":"https:\/\/im.se\/sv\/wp-json\/wp\/v2\/pages\/11649\/revisions"}],"predecessor-version":[{"id":19591,"href":"https:\/\/im.se\/sv\/wp-json\/wp\/v2\/pages\/11649\/revisions\/19591"}],"up":[{"embeddable":true,"href":"https:\/\/im.se\/sv\/wp-json\/wp\/v2\/pages\/11620"}],"wp:attachment":[{"href":"https:\/\/im.se\/sv\/wp-json\/wp\/v2\/media?parent=11649"}],"curies":[{"name":"wp","href":"https:\/\/api.w.org\/{rel}","templated":true}]}}