{"id":11603,"date":"2023-12-07T13:51:58","date_gmt":"2023-12-07T12:51:58","guid":{"rendered":"https:\/\/im.se\/vara-losningar\/returns\/"},"modified":"2025-07-15T13:14:10","modified_gmt":"2025-07-15T11:14:10","slug":"returhantering","status":"publish","type":"page","link":"https:\/\/im.se\/sv\/vara-losningar\/returhantering\/","title":{"rendered":"Returhantering"},"content":{"rendered":"","protected":false},"excerpt":{"rendered":"","protected":false},"author":12,"featured_media":0,"parent":2434,"menu_order":34,"comment_status":"closed","ping_status":"closed","template":"","meta":{"_acf_changed":false,"footnotes":""},"class_list":["post-11603","page","type-page","status-publish","hentry"],"acf":[],"yoast_head":"<!-- This site is optimized with the Yoast SEO plugin v27.2 - https:\/\/yoast.com\/product\/yoast-seo-wordpress\/ -->\n<title>Returhantering \u2013 Effektivisera returer och s\u00e4nk kostnader med IMI<\/title>\n<meta name=\"description\" content=\"F\u00e5 full kontroll \u00f6ver din returhantering. Hantera allt fr\u00e5n returbekr\u00e4ftelse till leverant\u00f6rsreturer och s\u00e4nk kostnaderna med b\u00e4ttre processer.\" \/>\n<meta name=\"robots\" content=\"index, follow, max-snippet:-1, max-image-preview:large, max-video-preview:-1\" \/>\n<link rel=\"canonical\" href=\"https:\/\/im.se\/sv\/vara-losningar\/returhantering\/\" \/>\n<meta property=\"og:locale\" content=\"sv_SE\" \/>\n<meta property=\"og:type\" content=\"article\" \/>\n<meta property=\"og:title\" content=\"Returhantering \u2013 Effektivisera returer och s\u00e4nk kostnader med IMI\" \/>\n<meta property=\"og:description\" content=\"F\u00e5 full kontroll \u00f6ver din returhantering. Hantera allt fr\u00e5n returbekr\u00e4ftelse till leverant\u00f6rsreturer och s\u00e4nk kostnaderna med b\u00e4ttre processer.\" \/>\n<meta property=\"og:url\" content=\"https:\/\/im.se\/sv\/vara-losningar\/returhantering\/\" \/>\n<meta property=\"og:site_name\" content=\"IMI Supply Chain Solutions\" \/>\n<meta property=\"article:modified_time\" content=\"2025-07-15T11:14:10+00:00\" \/>\n<meta property=\"og:image\" content=\"https:\/\/im.se\/wp-content\/uploads\/2025\/11\/social-view-1.webp\" \/>\n\t<meta property=\"og:image:width\" content=\"2314\" \/>\n\t<meta property=\"og:image:height\" content=\"1528\" \/>\n\t<meta property=\"og:image:type\" content=\"image\/webp\" \/>\n<meta name=\"twitter:card\" content=\"summary_large_image\" \/>\n<script type=\"application\/ld+json\" class=\"yoast-schema-graph\">{\"@context\":\"https:\/\/schema.org\",\"@graph\":[{\"@type\":\"WebPage\",\"@id\":\"https:\/\/im.se\/sv\/vara-losningar\/returhantering\/\",\"url\":\"https:\/\/im.se\/sv\/vara-losningar\/returhantering\/\",\"name\":\"Returhantering \u2013 Effektivisera returer och s\u00e4nk kostnader med IMI\",\"isPartOf\":{\"@id\":\"https:\/\/im.se\/#website\"},\"datePublished\":\"2023-12-07T12:51:58+00:00\",\"dateModified\":\"2025-07-15T11:14:10+00:00\",\"description\":\"F\u00e5 full kontroll \u00f6ver din returhantering. Hantera allt fr\u00e5n returbekr\u00e4ftelse till leverant\u00f6rsreturer och s\u00e4nk kostnaderna med b\u00e4ttre processer.\",\"breadcrumb\":{\"@id\":\"https:\/\/im.se\/sv\/vara-losningar\/returhantering\/#breadcrumb\"},\"inLanguage\":\"sv-SE\",\"potentialAction\":[{\"@type\":\"ReadAction\",\"target\":[\"https:\/\/im.se\/sv\/vara-losningar\/returhantering\/\"]}]},{\"@type\":\"BreadcrumbList\",\"@id\":\"https:\/\/im.se\/sv\/vara-losningar\/returhantering\/#breadcrumb\",\"itemListElement\":[{\"@type\":\"ListItem\",\"position\":1,\"name\":\"Home\",\"item\":\"https:\/\/im.se\/sv\/\"},{\"@type\":\"ListItem\",\"position\":2,\"name\":\"Solutions\",\"item\":\"https:\/\/im.se\/sv\/vara-losningar\/\"},{\"@type\":\"ListItem\",\"position\":3,\"name\":\"Returhantering\"}]},{\"@type\":\"WebSite\",\"@id\":\"https:\/\/im.se\/#website\",\"url\":\"https:\/\/im.se\/\",\"name\":\"IMI Supply Chain Solutions\",\"description\":\"Sustainable supply chain\",\"publisher\":{\"@id\":\"https:\/\/im.se\/#organization\"},\"potentialAction\":[{\"@type\":\"SearchAction\",\"target\":{\"@type\":\"EntryPoint\",\"urlTemplate\":\"https:\/\/im.se\/?s={search_term_string}\"},\"query-input\":{\"@type\":\"PropertyValueSpecification\",\"valueRequired\":true,\"valueName\":\"search_term_string\"}}],\"inLanguage\":\"sv-SE\"},{\"@type\":\"Organization\",\"@id\":\"https:\/\/im.se\/#organization\",\"name\":\"Industri-Matematik International AB\",\"alternateName\":\"IMI Supply Chain Solution\",\"url\":\"https:\/\/im.se\/\",\"logo\":{\"@type\":\"ImageObject\",\"inLanguage\":\"sv-SE\",\"@id\":\"https:\/\/im.se\/#\/schema\/logo\/image\/\",\"url\":\"https:\/\/im.se\/wp-content\/uploads\/2024\/10\/imi.jpg\",\"contentUrl\":\"https:\/\/im.se\/wp-content\/uploads\/2024\/10\/imi.jpg\",\"width\":900,\"height\":700,\"caption\":\"Industri-Matematik International AB\"},\"image\":{\"@id\":\"https:\/\/im.se\/#\/schema\/logo\/image\/\"},\"sameAs\":[\"https:\/\/www.linkedin.com\/company\/industri-matematik-international-ab\/\"]}]}<\/script>\n<!-- \/ Yoast SEO plugin. -->","yoast_head_json":{"title":"Returhantering \u2013 Effektivisera returer och s\u00e4nk kostnader med IMI","description":"F\u00e5 full kontroll \u00f6ver din returhantering. Hantera allt fr\u00e5n returbekr\u00e4ftelse till leverant\u00f6rsreturer och s\u00e4nk kostnaderna med b\u00e4ttre processer.","robots":{"index":"index","follow":"follow","max-snippet":"max-snippet:-1","max-image-preview":"max-image-preview:large","max-video-preview":"max-video-preview:-1"},"canonical":"https:\/\/im.se\/sv\/vara-losningar\/returhantering\/","og_locale":"sv_SE","og_type":"article","og_title":"Returhantering \u2013 Effektivisera returer och s\u00e4nk kostnader med IMI","og_description":"F\u00e5 full kontroll \u00f6ver din returhantering. Hantera allt fr\u00e5n returbekr\u00e4ftelse till leverant\u00f6rsreturer och s\u00e4nk kostnaderna med b\u00e4ttre processer.","og_url":"https:\/\/im.se\/sv\/vara-losningar\/returhantering\/","og_site_name":"IMI Supply Chain Solutions","article_modified_time":"2025-07-15T11:14:10+00:00","og_image":[{"width":2314,"height":1528,"url":"https:\/\/im.se\/wp-content\/uploads\/2025\/11\/social-view-1.webp","type":"image\/webp"}],"twitter_card":"summary_large_image","schema":{"@context":"https:\/\/schema.org","@graph":[{"@type":"WebPage","@id":"https:\/\/im.se\/sv\/vara-losningar\/returhantering\/","url":"https:\/\/im.se\/sv\/vara-losningar\/returhantering\/","name":"Returhantering \u2013 Effektivisera returer och s\u00e4nk kostnader med IMI","isPartOf":{"@id":"https:\/\/im.se\/#website"},"datePublished":"2023-12-07T12:51:58+00:00","dateModified":"2025-07-15T11:14:10+00:00","description":"F\u00e5 full kontroll \u00f6ver din returhantering. Hantera allt fr\u00e5n returbekr\u00e4ftelse till leverant\u00f6rsreturer och s\u00e4nk kostnaderna med b\u00e4ttre processer.","breadcrumb":{"@id":"https:\/\/im.se\/sv\/vara-losningar\/returhantering\/#breadcrumb"},"inLanguage":"sv-SE","potentialAction":[{"@type":"ReadAction","target":["https:\/\/im.se\/sv\/vara-losningar\/returhantering\/"]}]},{"@type":"BreadcrumbList","@id":"https:\/\/im.se\/sv\/vara-losningar\/returhantering\/#breadcrumb","itemListElement":[{"@type":"ListItem","position":1,"name":"Home","item":"https:\/\/im.se\/sv\/"},{"@type":"ListItem","position":2,"name":"Solutions","item":"https:\/\/im.se\/sv\/vara-losningar\/"},{"@type":"ListItem","position":3,"name":"Returhantering"}]},{"@type":"WebSite","@id":"https:\/\/im.se\/#website","url":"https:\/\/im.se\/","name":"IMI Supply Chain Solutions","description":"Sustainable supply chain","publisher":{"@id":"https:\/\/im.se\/#organization"},"potentialAction":[{"@type":"SearchAction","target":{"@type":"EntryPoint","urlTemplate":"https:\/\/im.se\/?s={search_term_string}"},"query-input":{"@type":"PropertyValueSpecification","valueRequired":true,"valueName":"search_term_string"}}],"inLanguage":"sv-SE"},{"@type":"Organization","@id":"https:\/\/im.se\/#organization","name":"Industri-Matematik International AB","alternateName":"IMI Supply Chain Solution","url":"https:\/\/im.se\/","logo":{"@type":"ImageObject","inLanguage":"sv-SE","@id":"https:\/\/im.se\/#\/schema\/logo\/image\/","url":"https:\/\/im.se\/wp-content\/uploads\/2024\/10\/imi.jpg","contentUrl":"https:\/\/im.se\/wp-content\/uploads\/2024\/10\/imi.jpg","width":900,"height":700,"caption":"Industri-Matematik International AB"},"image":{"@id":"https:\/\/im.se\/#\/schema\/logo\/image\/"},"sameAs":["https:\/\/www.linkedin.com\/company\/industri-matematik-international-ab\/"]}]}},"_links":{"self":[{"href":"https:\/\/im.se\/sv\/wp-json\/wp\/v2\/pages\/11603","targetHints":{"allow":["GET"]}}],"collection":[{"href":"https:\/\/im.se\/sv\/wp-json\/wp\/v2\/pages"}],"about":[{"href":"https:\/\/im.se\/sv\/wp-json\/wp\/v2\/types\/page"}],"author":[{"embeddable":true,"href":"https:\/\/im.se\/sv\/wp-json\/wp\/v2\/users\/12"}],"replies":[{"embeddable":true,"href":"https:\/\/im.se\/sv\/wp-json\/wp\/v2\/comments?post=11603"}],"version-history":[{"count":6,"href":"https:\/\/im.se\/sv\/wp-json\/wp\/v2\/pages\/11603\/revisions"}],"predecessor-version":[{"id":13941,"href":"https:\/\/im.se\/sv\/wp-json\/wp\/v2\/pages\/11603\/revisions\/13941"}],"up":[{"embeddable":true,"href":"https:\/\/im.se\/sv\/wp-json\/wp\/v2\/pages\/2434"}],"wp:attachment":[{"href":"https:\/\/im.se\/sv\/wp-json\/wp\/v2\/media?parent=11603"}],"curies":[{"name":"wp","href":"https:\/\/api.w.org\/{rel}","templated":true}]}}