{"id":11380,"date":"2024-09-24T16:10:27","date_gmt":"2024-09-24T14:10:27","guid":{"rendered":"https:\/\/im.se\/bransch\/food-beverage-pharmaceuticals\/"},"modified":"2026-02-04T11:07:54","modified_gmt":"2026-02-04T10:07:54","slug":"livsmedel-dryck-lakemedel-2","status":"publish","type":"page","link":"https:\/\/im.se\/sv\/bransch\/livsmedel-dryck-lakemedel-2\/","title":{"rendered":"Livsmedel, dryck och l\u00e4kemedel"},"content":{"rendered":"","protected":false},"excerpt":{"rendered":"","protected":false},"author":18,"featured_media":0,"parent":2489,"menu_order":3,"comment_status":"closed","ping_status":"closed","template":"","meta":{"_acf_changed":false,"footnotes":""},"class_list":["post-11380","page","type-page","status-publish","hentry"],"acf":[],"yoast_head":"<!-- This site is optimized with the Yoast SEO plugin v27.2 - https:\/\/yoast.com\/product\/yoast-seo-wordpress\/ -->\n<title>Optimerad leveranskedja<\/title>\n<meta name=\"description\" content=\"\u200bOptimera din leveranskedja inom livsmedel, dryck och l\u00e4kemedel med IMI \u2013 minska svinn, s\u00e4kerst\u00e4ll regelefterlevnad och \u00f6ka effektiviteten.\u200b\" \/>\n<meta name=\"robots\" content=\"index, follow, max-snippet:-1, max-image-preview:large, max-video-preview:-1\" \/>\n<link rel=\"canonical\" href=\"https:\/\/im.se\/sv\/bransch\/livsmedel-dryck-lakemedel-2\/\" \/>\n<meta property=\"og:locale\" content=\"sv_SE\" \/>\n<meta property=\"og:type\" content=\"article\" \/>\n<meta property=\"og:title\" content=\"Optimerad leveranskedja\" \/>\n<meta property=\"og:description\" content=\"\u200bOptimera din leveranskedja inom livsmedel, dryck och l\u00e4kemedel med IMI \u2013 minska svinn, s\u00e4kerst\u00e4ll regelefterlevnad och \u00f6ka effektiviteten.\u200b\" \/>\n<meta property=\"og:url\" content=\"https:\/\/im.se\/sv\/bransch\/livsmedel-dryck-lakemedel-2\/\" \/>\n<meta property=\"og:site_name\" content=\"IMI Supply Chain Solutions\" \/>\n<meta property=\"article:modified_time\" content=\"2026-02-04T10:07:54+00:00\" \/>\n<meta property=\"og:image\" content=\"https:\/\/im.se\/wp-content\/uploads\/2025\/11\/social-view-1.webp\" \/>\n\t<meta property=\"og:image:width\" content=\"2314\" \/>\n\t<meta property=\"og:image:height\" content=\"1528\" \/>\n\t<meta property=\"og:image:type\" content=\"image\/webp\" \/>\n<meta name=\"twitter:card\" content=\"summary_large_image\" \/>\n<script type=\"application\/ld+json\" class=\"yoast-schema-graph\">{\"@context\":\"https:\/\/schema.org\",\"@graph\":[{\"@type\":\"WebPage\",\"@id\":\"https:\/\/im.se\/sv\/bransch\/livsmedel-dryck-lakemedel-2\/\",\"url\":\"https:\/\/im.se\/sv\/bransch\/livsmedel-dryck-lakemedel-2\/\",\"name\":\"Optimerad leveranskedja\",\"isPartOf\":{\"@id\":\"https:\/\/im.se\/#website\"},\"datePublished\":\"2024-09-24T14:10:27+00:00\",\"dateModified\":\"2026-02-04T10:07:54+00:00\",\"description\":\"\u200bOptimera din leveranskedja inom livsmedel, dryck och l\u00e4kemedel med IMI \u2013 minska svinn, s\u00e4kerst\u00e4ll regelefterlevnad och \u00f6ka effektiviteten.\u200b\",\"breadcrumb\":{\"@id\":\"https:\/\/im.se\/sv\/bransch\/livsmedel-dryck-lakemedel-2\/#breadcrumb\"},\"inLanguage\":\"sv-SE\",\"potentialAction\":[{\"@type\":\"ReadAction\",\"target\":[\"https:\/\/im.se\/sv\/bransch\/livsmedel-dryck-lakemedel-2\/\"]}]},{\"@type\":\"BreadcrumbList\",\"@id\":\"https:\/\/im.se\/sv\/bransch\/livsmedel-dryck-lakemedel-2\/#breadcrumb\",\"itemListElement\":[{\"@type\":\"ListItem\",\"position\":1,\"name\":\"Home\",\"item\":\"https:\/\/im.se\/sv\/\"},{\"@type\":\"ListItem\",\"position\":2,\"name\":\"Bransch\",\"item\":\"https:\/\/im.se\/sv\/bransch\/\"},{\"@type\":\"ListItem\",\"position\":3,\"name\":\"Livsmedel, dryck och l\u00e4kemedel\"}]},{\"@type\":\"WebSite\",\"@id\":\"https:\/\/im.se\/#website\",\"url\":\"https:\/\/im.se\/\",\"name\":\"IMI Supply Chain Solutions\",\"description\":\"Sustainable supply chain\",\"publisher\":{\"@id\":\"https:\/\/im.se\/#organization\"},\"potentialAction\":[{\"@type\":\"SearchAction\",\"target\":{\"@type\":\"EntryPoint\",\"urlTemplate\":\"https:\/\/im.se\/?s={search_term_string}\"},\"query-input\":{\"@type\":\"PropertyValueSpecification\",\"valueRequired\":true,\"valueName\":\"search_term_string\"}}],\"inLanguage\":\"sv-SE\"},{\"@type\":\"Organization\",\"@id\":\"https:\/\/im.se\/#organization\",\"name\":\"Industri-Matematik International AB\",\"alternateName\":\"IMI Supply Chain Solution\",\"url\":\"https:\/\/im.se\/\",\"logo\":{\"@type\":\"ImageObject\",\"inLanguage\":\"sv-SE\",\"@id\":\"https:\/\/im.se\/#\/schema\/logo\/image\/\",\"url\":\"https:\/\/im.se\/wp-content\/uploads\/2024\/10\/imi.jpg\",\"contentUrl\":\"https:\/\/im.se\/wp-content\/uploads\/2024\/10\/imi.jpg\",\"width\":900,\"height\":700,\"caption\":\"Industri-Matematik International AB\"},\"image\":{\"@id\":\"https:\/\/im.se\/#\/schema\/logo\/image\/\"},\"sameAs\":[\"https:\/\/www.linkedin.com\/company\/industri-matematik-international-ab\/\"]}]}<\/script>\n<!-- \/ Yoast SEO plugin. -->","yoast_head_json":{"title":"Optimerad leveranskedja","description":"\u200bOptimera din leveranskedja inom livsmedel, dryck och l\u00e4kemedel med IMI \u2013 minska svinn, s\u00e4kerst\u00e4ll regelefterlevnad och \u00f6ka effektiviteten.\u200b","robots":{"index":"index","follow":"follow","max-snippet":"max-snippet:-1","max-image-preview":"max-image-preview:large","max-video-preview":"max-video-preview:-1"},"canonical":"https:\/\/im.se\/sv\/bransch\/livsmedel-dryck-lakemedel-2\/","og_locale":"sv_SE","og_type":"article","og_title":"Optimerad leveranskedja","og_description":"\u200bOptimera din leveranskedja inom livsmedel, dryck och l\u00e4kemedel med IMI \u2013 minska svinn, s\u00e4kerst\u00e4ll regelefterlevnad och \u00f6ka effektiviteten.\u200b","og_url":"https:\/\/im.se\/sv\/bransch\/livsmedel-dryck-lakemedel-2\/","og_site_name":"IMI Supply Chain Solutions","article_modified_time":"2026-02-04T10:07:54+00:00","og_image":[{"width":2314,"height":1528,"url":"https:\/\/im.se\/wp-content\/uploads\/2025\/11\/social-view-1.webp","type":"image\/webp"}],"twitter_card":"summary_large_image","schema":{"@context":"https:\/\/schema.org","@graph":[{"@type":"WebPage","@id":"https:\/\/im.se\/sv\/bransch\/livsmedel-dryck-lakemedel-2\/","url":"https:\/\/im.se\/sv\/bransch\/livsmedel-dryck-lakemedel-2\/","name":"Optimerad leveranskedja","isPartOf":{"@id":"https:\/\/im.se\/#website"},"datePublished":"2024-09-24T14:10:27+00:00","dateModified":"2026-02-04T10:07:54+00:00","description":"\u200bOptimera din leveranskedja inom livsmedel, dryck och l\u00e4kemedel med IMI \u2013 minska svinn, s\u00e4kerst\u00e4ll regelefterlevnad och \u00f6ka effektiviteten.\u200b","breadcrumb":{"@id":"https:\/\/im.se\/sv\/bransch\/livsmedel-dryck-lakemedel-2\/#breadcrumb"},"inLanguage":"sv-SE","potentialAction":[{"@type":"ReadAction","target":["https:\/\/im.se\/sv\/bransch\/livsmedel-dryck-lakemedel-2\/"]}]},{"@type":"BreadcrumbList","@id":"https:\/\/im.se\/sv\/bransch\/livsmedel-dryck-lakemedel-2\/#breadcrumb","itemListElement":[{"@type":"ListItem","position":1,"name":"Home","item":"https:\/\/im.se\/sv\/"},{"@type":"ListItem","position":2,"name":"Bransch","item":"https:\/\/im.se\/sv\/bransch\/"},{"@type":"ListItem","position":3,"name":"Livsmedel, dryck och l\u00e4kemedel"}]},{"@type":"WebSite","@id":"https:\/\/im.se\/#website","url":"https:\/\/im.se\/","name":"IMI Supply Chain Solutions","description":"Sustainable supply chain","publisher":{"@id":"https:\/\/im.se\/#organization"},"potentialAction":[{"@type":"SearchAction","target":{"@type":"EntryPoint","urlTemplate":"https:\/\/im.se\/?s={search_term_string}"},"query-input":{"@type":"PropertyValueSpecification","valueRequired":true,"valueName":"search_term_string"}}],"inLanguage":"sv-SE"},{"@type":"Organization","@id":"https:\/\/im.se\/#organization","name":"Industri-Matematik International AB","alternateName":"IMI Supply Chain Solution","url":"https:\/\/im.se\/","logo":{"@type":"ImageObject","inLanguage":"sv-SE","@id":"https:\/\/im.se\/#\/schema\/logo\/image\/","url":"https:\/\/im.se\/wp-content\/uploads\/2024\/10\/imi.jpg","contentUrl":"https:\/\/im.se\/wp-content\/uploads\/2024\/10\/imi.jpg","width":900,"height":700,"caption":"Industri-Matematik International AB"},"image":{"@id":"https:\/\/im.se\/#\/schema\/logo\/image\/"},"sameAs":["https:\/\/www.linkedin.com\/company\/industri-matematik-international-ab\/"]}]}},"_links":{"self":[{"href":"https:\/\/im.se\/sv\/wp-json\/wp\/v2\/pages\/11380","targetHints":{"allow":["GET"]}}],"collection":[{"href":"https:\/\/im.se\/sv\/wp-json\/wp\/v2\/pages"}],"about":[{"href":"https:\/\/im.se\/sv\/wp-json\/wp\/v2\/types\/page"}],"author":[{"embeddable":true,"href":"https:\/\/im.se\/sv\/wp-json\/wp\/v2\/users\/18"}],"replies":[{"embeddable":true,"href":"https:\/\/im.se\/sv\/wp-json\/wp\/v2\/comments?post=11380"}],"version-history":[{"count":15,"href":"https:\/\/im.se\/sv\/wp-json\/wp\/v2\/pages\/11380\/revisions"}],"predecessor-version":[{"id":18374,"href":"https:\/\/im.se\/sv\/wp-json\/wp\/v2\/pages\/11380\/revisions\/18374"}],"up":[{"embeddable":true,"href":"https:\/\/im.se\/sv\/wp-json\/wp\/v2\/pages\/2489"}],"wp:attachment":[{"href":"https:\/\/im.se\/sv\/wp-json\/wp\/v2\/media?parent=11380"}],"curies":[{"name":"wp","href":"https:\/\/api.w.org\/{rel}","templated":true}]}}