{"id":14657,"date":"2022-03-03T10:46:53","date_gmt":"2022-03-03T10:46:53","guid":{"rendered":"https:\/\/im.se\/about-imi\/"},"modified":"2026-03-06T11:32:11","modified_gmt":"2026-03-06T10:32:11","slug":"imi-eksperter-pa-programvare-for-logistikklosninger","status":"publish","type":"page","link":"https:\/\/im.se\/no\/imi-eksperter-pa-programvare-for-logistikklosninger\/","title":{"rendered":"Om IMI"},"content":{"rendered":"","protected":false},"excerpt":{"rendered":"","protected":false},"author":1,"featured_media":0,"parent":0,"menu_order":68,"comment_status":"closed","ping_status":"closed","template":"","meta":{"_acf_changed":false,"footnotes":""},"class_list":["post-14657","page","type-page","status-publish","hentry"],"acf":[],"yoast_head":"<!-- This site is optimized with the Yoast SEO plugin v27.2 - https:\/\/yoast.com\/product\/yoast-seo-wordpress\/ -->\n<title>Om IMI \u2013 Eksperter p\u00e5 programvare for logistikkl\u00f8sninger<\/title>\n<meta name=\"description\" content=\"Hjelper vi globale selskaper \u00e5 optimalisere logistikken med skalerbar og p\u00e5litelig programvare for komplekse forsyningskjeder\" \/>\n<meta name=\"robots\" content=\"index, follow, max-snippet:-1, max-image-preview:large, max-video-preview:-1\" \/>\n<link rel=\"canonical\" href=\"https:\/\/im.se\/no\/om-imi\/\" \/>\n<meta property=\"og:locale\" content=\"nb_NO\" \/>\n<meta property=\"og:type\" content=\"article\" \/>\n<meta property=\"og:title\" content=\"Om IMI \u2013 Eksperter p\u00e5 programvare for logistikkl\u00f8sninger\" \/>\n<meta property=\"og:description\" content=\"Hjelper vi globale selskaper \u00e5 optimalisere logistikken med skalerbar og p\u00e5litelig programvare for komplekse forsyningskjeder\" \/>\n<meta property=\"og:url\" content=\"https:\/\/im.se\/no\/om-imi\/\" \/>\n<meta property=\"og:site_name\" content=\"IMI Supply Chain Solutions\" \/>\n<meta property=\"article:modified_time\" content=\"2026-03-06T10:32:11+00:00\" \/>\n<meta property=\"og:image\" content=\"https:\/\/im.se\/wp-content\/uploads\/2025\/11\/social-view-1.webp\" \/>\n\t<meta property=\"og:image:width\" content=\"2314\" \/>\n\t<meta property=\"og:image:height\" content=\"1528\" \/>\n\t<meta property=\"og:image:type\" content=\"image\/webp\" \/>\n<meta name=\"twitter:card\" content=\"summary_large_image\" \/>\n<script type=\"application\/ld+json\" class=\"yoast-schema-graph\">{\"@context\":\"https:\/\/schema.org\",\"@graph\":[{\"@type\":\"WebPage\",\"@id\":\"https:\/\/im.se\/no\/imi-eksperter-pa-programvare-for-logistikklosninger\/\",\"url\":\"https:\/\/im.se\/no\/om-imi\/\",\"name\":\"Om IMI \u2013 Eksperter p\u00e5 programvare for logistikkl\u00f8sninger\",\"isPartOf\":{\"@id\":\"https:\/\/im.se\/#website\"},\"datePublished\":\"2022-03-03T10:46:53+00:00\",\"dateModified\":\"2026-03-06T10:32:11+00:00\",\"description\":\"Hjelper vi globale selskaper \u00e5 optimalisere logistikken med skalerbar og p\u00e5litelig programvare for komplekse forsyningskjeder\",\"breadcrumb\":{\"@id\":\"https:\/\/im.se\/no\/om-imi\/#breadcrumb\"},\"inLanguage\":\"nb-NO\",\"potentialAction\":[{\"@type\":\"ReadAction\",\"target\":[\"https:\/\/im.se\/no\/om-imi\/\"]}]},{\"@type\":\"BreadcrumbList\",\"@id\":\"https:\/\/im.se\/no\/om-imi\/#breadcrumb\",\"itemListElement\":[{\"@type\":\"ListItem\",\"position\":1,\"name\":\"Home\",\"item\":\"https:\/\/im.se\/no\/\"},{\"@type\":\"ListItem\",\"position\":2,\"name\":\"Om IMI\"}]},{\"@type\":\"WebSite\",\"@id\":\"https:\/\/im.se\/#website\",\"url\":\"https:\/\/im.se\/\",\"name\":\"IMI Supply Chain Solutions\",\"description\":\"Sustainable supply chain\",\"publisher\":{\"@id\":\"https:\/\/im.se\/#organization\"},\"potentialAction\":[{\"@type\":\"SearchAction\",\"target\":{\"@type\":\"EntryPoint\",\"urlTemplate\":\"https:\/\/im.se\/?s={search_term_string}\"},\"query-input\":{\"@type\":\"PropertyValueSpecification\",\"valueRequired\":true,\"valueName\":\"search_term_string\"}}],\"inLanguage\":\"nb-NO\"},{\"@type\":\"Organization\",\"@id\":\"https:\/\/im.se\/#organization\",\"name\":\"Industri-Matematik International AB\",\"alternateName\":\"IMI Supply Chain Solution\",\"url\":\"https:\/\/im.se\/\",\"logo\":{\"@type\":\"ImageObject\",\"inLanguage\":\"nb-NO\",\"@id\":\"https:\/\/im.se\/#\/schema\/logo\/image\/\",\"url\":\"https:\/\/im.se\/wp-content\/uploads\/2024\/10\/imi.jpg\",\"contentUrl\":\"https:\/\/im.se\/wp-content\/uploads\/2024\/10\/imi.jpg\",\"width\":900,\"height\":700,\"caption\":\"Industri-Matematik International AB\"},\"image\":{\"@id\":\"https:\/\/im.se\/#\/schema\/logo\/image\/\"},\"sameAs\":[\"https:\/\/www.linkedin.com\/company\/industri-matematik-international-ab\/\"]}]}<\/script>\n<!-- \/ Yoast SEO plugin. -->","yoast_head_json":{"title":"Om IMI \u2013 Eksperter p\u00e5 programvare for logistikkl\u00f8sninger","description":"Hjelper vi globale selskaper \u00e5 optimalisere logistikken med skalerbar og p\u00e5litelig programvare for komplekse forsyningskjeder","robots":{"index":"index","follow":"follow","max-snippet":"max-snippet:-1","max-image-preview":"max-image-preview:large","max-video-preview":"max-video-preview:-1"},"canonical":"https:\/\/im.se\/no\/om-imi\/","og_locale":"nb_NO","og_type":"article","og_title":"Om IMI \u2013 Eksperter p\u00e5 programvare for logistikkl\u00f8sninger","og_description":"Hjelper vi globale selskaper \u00e5 optimalisere logistikken med skalerbar og p\u00e5litelig programvare for komplekse forsyningskjeder","og_url":"https:\/\/im.se\/no\/om-imi\/","og_site_name":"IMI Supply Chain Solutions","article_modified_time":"2026-03-06T10:32:11+00:00","og_image":[{"width":2314,"height":1528,"url":"https:\/\/im.se\/wp-content\/uploads\/2025\/11\/social-view-1.webp","type":"image\/webp"}],"twitter_card":"summary_large_image","schema":{"@context":"https:\/\/schema.org","@graph":[{"@type":"WebPage","@id":"https:\/\/im.se\/no\/imi-eksperter-pa-programvare-for-logistikklosninger\/","url":"https:\/\/im.se\/no\/om-imi\/","name":"Om IMI \u2013 Eksperter p\u00e5 programvare for logistikkl\u00f8sninger","isPartOf":{"@id":"https:\/\/im.se\/#website"},"datePublished":"2022-03-03T10:46:53+00:00","dateModified":"2026-03-06T10:32:11+00:00","description":"Hjelper vi globale selskaper \u00e5 optimalisere logistikken med skalerbar og p\u00e5litelig programvare for komplekse forsyningskjeder","breadcrumb":{"@id":"https:\/\/im.se\/no\/om-imi\/#breadcrumb"},"inLanguage":"nb-NO","potentialAction":[{"@type":"ReadAction","target":["https:\/\/im.se\/no\/om-imi\/"]}]},{"@type":"BreadcrumbList","@id":"https:\/\/im.se\/no\/om-imi\/#breadcrumb","itemListElement":[{"@type":"ListItem","position":1,"name":"Home","item":"https:\/\/im.se\/no\/"},{"@type":"ListItem","position":2,"name":"Om IMI"}]},{"@type":"WebSite","@id":"https:\/\/im.se\/#website","url":"https:\/\/im.se\/","name":"IMI Supply Chain Solutions","description":"Sustainable supply chain","publisher":{"@id":"https:\/\/im.se\/#organization"},"potentialAction":[{"@type":"SearchAction","target":{"@type":"EntryPoint","urlTemplate":"https:\/\/im.se\/?s={search_term_string}"},"query-input":{"@type":"PropertyValueSpecification","valueRequired":true,"valueName":"search_term_string"}}],"inLanguage":"nb-NO"},{"@type":"Organization","@id":"https:\/\/im.se\/#organization","name":"Industri-Matematik International AB","alternateName":"IMI Supply Chain Solution","url":"https:\/\/im.se\/","logo":{"@type":"ImageObject","inLanguage":"nb-NO","@id":"https:\/\/im.se\/#\/schema\/logo\/image\/","url":"https:\/\/im.se\/wp-content\/uploads\/2024\/10\/imi.jpg","contentUrl":"https:\/\/im.se\/wp-content\/uploads\/2024\/10\/imi.jpg","width":900,"height":700,"caption":"Industri-Matematik International AB"},"image":{"@id":"https:\/\/im.se\/#\/schema\/logo\/image\/"},"sameAs":["https:\/\/www.linkedin.com\/company\/industri-matematik-international-ab\/"]}]}},"_links":{"self":[{"href":"https:\/\/im.se\/no\/wp-json\/wp\/v2\/pages\/14657","targetHints":{"allow":["GET"]}}],"collection":[{"href":"https:\/\/im.se\/no\/wp-json\/wp\/v2\/pages"}],"about":[{"href":"https:\/\/im.se\/no\/wp-json\/wp\/v2\/types\/page"}],"author":[{"embeddable":true,"href":"https:\/\/im.se\/no\/wp-json\/wp\/v2\/users\/1"}],"replies":[{"embeddable":true,"href":"https:\/\/im.se\/no\/wp-json\/wp\/v2\/comments?post=14657"}],"version-history":[{"count":12,"href":"https:\/\/im.se\/no\/wp-json\/wp\/v2\/pages\/14657\/revisions"}],"predecessor-version":[{"id":18624,"href":"https:\/\/im.se\/no\/wp-json\/wp\/v2\/pages\/14657\/revisions\/18624"}],"wp:attachment":[{"href":"https:\/\/im.se\/no\/wp-json\/wp\/v2\/media?parent=14657"}],"curies":[{"name":"wp","href":"https:\/\/api.w.org\/{rel}","templated":true}]}}