{"id":14158,"date":"2023-11-14T14:20:58","date_gmt":"2023-11-14T13:20:58","guid":{"rendered":"https:\/\/im.se\/supply-chain-solutions\/improvements\/checklist\/"},"modified":"2026-01-12T08:44:38","modified_gmt":"2026-01-12T07:44:38","slug":"sjekklister","status":"publish","type":"page","link":"https:\/\/im.se\/no\/supply-chain-solutions\/improvements\/sjekklister\/","title":{"rendered":"Sjekklister"},"content":{"rendered":"","protected":false},"excerpt":{"rendered":"","protected":false},"author":12,"featured_media":0,"parent":14093,"menu_order":3,"comment_status":"closed","ping_status":"closed","template":"","meta":{"_acf_changed":false,"footnotes":""},"class_list":["post-14158","page","type-page","status-publish","hentry"],"acf":[],"yoast_head":"<!-- This site is optimized with the Yoast SEO plugin v27.2 - https:\/\/yoast.com\/product\/yoast-seo-wordpress\/ -->\n<title>Sjekklister for trygg og effektiv drift | IMIs kvalitetskontroll<\/title>\n<meta name=\"description\" content=\"Design sjekklister for faste rutiner, HMS og inspeksjoner. Med IMIs l\u00f8sning f\u00e5r du kontroll, varslinger og effektiv oppf\u00f8lging, direkte p\u00e5 mobilen.\" \/>\n<meta name=\"robots\" content=\"index, follow, max-snippet:-1, max-image-preview:large, max-video-preview:-1\" \/>\n<link rel=\"canonical\" href=\"https:\/\/im.se\/no\/supply-chain-solutions\/improvements\/sjekklister\/\" \/>\n<meta property=\"og:locale\" content=\"nb_NO\" \/>\n<meta property=\"og:type\" content=\"article\" \/>\n<meta property=\"og:title\" content=\"Sjekklister for trygg og effektiv drift | IMIs kvalitetskontroll\" \/>\n<meta property=\"og:description\" content=\"Design sjekklister for faste rutiner, HMS og inspeksjoner. Med IMIs l\u00f8sning f\u00e5r du kontroll, varslinger og effektiv oppf\u00f8lging, direkte p\u00e5 mobilen.\" \/>\n<meta property=\"og:url\" content=\"https:\/\/im.se\/no\/supply-chain-solutions\/improvements\/sjekklister\/\" \/>\n<meta property=\"og:site_name\" content=\"IMI Supply Chain Solutions\" \/>\n<meta property=\"article:modified_time\" content=\"2026-01-12T07:44:38+00:00\" \/>\n<meta property=\"og:image\" content=\"https:\/\/im.se\/wp-content\/uploads\/2025\/11\/social-view-1.webp\" \/>\n\t<meta property=\"og:image:width\" content=\"2314\" \/>\n\t<meta property=\"og:image:height\" content=\"1528\" \/>\n\t<meta property=\"og:image:type\" content=\"image\/webp\" \/>\n<meta name=\"twitter:card\" content=\"summary_large_image\" \/>\n<script type=\"application\/ld+json\" class=\"yoast-schema-graph\">{\"@context\":\"https:\/\/schema.org\",\"@graph\":[{\"@type\":\"WebPage\",\"@id\":\"https:\/\/im.se\/no\/supply-chain-solutions\/improvements\/sjekklister\/\",\"url\":\"https:\/\/im.se\/no\/supply-chain-solutions\/improvements\/sjekklister\/\",\"name\":\"Sjekklister for trygg og effektiv drift | IMIs kvalitetskontroll\",\"isPartOf\":{\"@id\":\"https:\/\/im.se\/#website\"},\"datePublished\":\"2023-11-14T13:20:58+00:00\",\"dateModified\":\"2026-01-12T07:44:38+00:00\",\"description\":\"Design sjekklister for faste rutiner, HMS og inspeksjoner. Med IMIs l\u00f8sning f\u00e5r du kontroll, varslinger og effektiv oppf\u00f8lging, direkte p\u00e5 mobilen.\",\"breadcrumb\":{\"@id\":\"https:\/\/im.se\/no\/supply-chain-solutions\/improvements\/sjekklister\/#breadcrumb\"},\"inLanguage\":\"nb-NO\",\"potentialAction\":[{\"@type\":\"ReadAction\",\"target\":[\"https:\/\/im.se\/no\/supply-chain-solutions\/improvements\/sjekklister\/\"]}]},{\"@type\":\"BreadcrumbList\",\"@id\":\"https:\/\/im.se\/no\/supply-chain-solutions\/improvements\/sjekklister\/#breadcrumb\",\"itemListElement\":[{\"@type\":\"ListItem\",\"position\":1,\"name\":\"Home\",\"item\":\"https:\/\/im.se\/no\/\"},{\"@type\":\"ListItem\",\"position\":2,\"name\":\"Supply Chain Solutions\",\"item\":\"https:\/\/im.se\/no\/supply-chain-solutions\/\"},{\"@type\":\"ListItem\",\"position\":3,\"name\":\"Kvalitetskontroll\",\"item\":\"https:\/\/im.se\/no\/supply-chain-solutions\/improvements\/\"},{\"@type\":\"ListItem\",\"position\":4,\"name\":\"Sjekklister\"}]},{\"@type\":\"WebSite\",\"@id\":\"https:\/\/im.se\/#website\",\"url\":\"https:\/\/im.se\/\",\"name\":\"IMI Supply Chain Solutions\",\"description\":\"Sustainable supply chain\",\"publisher\":{\"@id\":\"https:\/\/im.se\/#organization\"},\"potentialAction\":[{\"@type\":\"SearchAction\",\"target\":{\"@type\":\"EntryPoint\",\"urlTemplate\":\"https:\/\/im.se\/?s={search_term_string}\"},\"query-input\":{\"@type\":\"PropertyValueSpecification\",\"valueRequired\":true,\"valueName\":\"search_term_string\"}}],\"inLanguage\":\"nb-NO\"},{\"@type\":\"Organization\",\"@id\":\"https:\/\/im.se\/#organization\",\"name\":\"Industri-Matematik International AB\",\"alternateName\":\"IMI Supply Chain Solution\",\"url\":\"https:\/\/im.se\/\",\"logo\":{\"@type\":\"ImageObject\",\"inLanguage\":\"nb-NO\",\"@id\":\"https:\/\/im.se\/#\/schema\/logo\/image\/\",\"url\":\"https:\/\/im.se\/wp-content\/uploads\/2024\/10\/imi.jpg\",\"contentUrl\":\"https:\/\/im.se\/wp-content\/uploads\/2024\/10\/imi.jpg\",\"width\":900,\"height\":700,\"caption\":\"Industri-Matematik International AB\"},\"image\":{\"@id\":\"https:\/\/im.se\/#\/schema\/logo\/image\/\"},\"sameAs\":[\"https:\/\/www.linkedin.com\/company\/industri-matematik-international-ab\/\"]}]}<\/script>\n<!-- \/ Yoast SEO plugin. -->","yoast_head_json":{"title":"Sjekklister for trygg og effektiv drift | IMIs kvalitetskontroll","description":"Design sjekklister for faste rutiner, HMS og inspeksjoner. Med IMIs l\u00f8sning f\u00e5r du kontroll, varslinger og effektiv oppf\u00f8lging, direkte p\u00e5 mobilen.","robots":{"index":"index","follow":"follow","max-snippet":"max-snippet:-1","max-image-preview":"max-image-preview:large","max-video-preview":"max-video-preview:-1"},"canonical":"https:\/\/im.se\/no\/supply-chain-solutions\/improvements\/sjekklister\/","og_locale":"nb_NO","og_type":"article","og_title":"Sjekklister for trygg og effektiv drift | IMIs kvalitetskontroll","og_description":"Design sjekklister for faste rutiner, HMS og inspeksjoner. Med IMIs l\u00f8sning f\u00e5r du kontroll, varslinger og effektiv oppf\u00f8lging, direkte p\u00e5 mobilen.","og_url":"https:\/\/im.se\/no\/supply-chain-solutions\/improvements\/sjekklister\/","og_site_name":"IMI Supply Chain Solutions","article_modified_time":"2026-01-12T07:44:38+00:00","og_image":[{"width":2314,"height":1528,"url":"https:\/\/im.se\/wp-content\/uploads\/2025\/11\/social-view-1.webp","type":"image\/webp"}],"twitter_card":"summary_large_image","schema":{"@context":"https:\/\/schema.org","@graph":[{"@type":"WebPage","@id":"https:\/\/im.se\/no\/supply-chain-solutions\/improvements\/sjekklister\/","url":"https:\/\/im.se\/no\/supply-chain-solutions\/improvements\/sjekklister\/","name":"Sjekklister for trygg og effektiv drift | IMIs kvalitetskontroll","isPartOf":{"@id":"https:\/\/im.se\/#website"},"datePublished":"2023-11-14T13:20:58+00:00","dateModified":"2026-01-12T07:44:38+00:00","description":"Design sjekklister for faste rutiner, HMS og inspeksjoner. Med IMIs l\u00f8sning f\u00e5r du kontroll, varslinger og effektiv oppf\u00f8lging, direkte p\u00e5 mobilen.","breadcrumb":{"@id":"https:\/\/im.se\/no\/supply-chain-solutions\/improvements\/sjekklister\/#breadcrumb"},"inLanguage":"nb-NO","potentialAction":[{"@type":"ReadAction","target":["https:\/\/im.se\/no\/supply-chain-solutions\/improvements\/sjekklister\/"]}]},{"@type":"BreadcrumbList","@id":"https:\/\/im.se\/no\/supply-chain-solutions\/improvements\/sjekklister\/#breadcrumb","itemListElement":[{"@type":"ListItem","position":1,"name":"Home","item":"https:\/\/im.se\/no\/"},{"@type":"ListItem","position":2,"name":"Supply Chain Solutions","item":"https:\/\/im.se\/no\/supply-chain-solutions\/"},{"@type":"ListItem","position":3,"name":"Kvalitetskontroll","item":"https:\/\/im.se\/no\/supply-chain-solutions\/improvements\/"},{"@type":"ListItem","position":4,"name":"Sjekklister"}]},{"@type":"WebSite","@id":"https:\/\/im.se\/#website","url":"https:\/\/im.se\/","name":"IMI Supply Chain Solutions","description":"Sustainable supply chain","publisher":{"@id":"https:\/\/im.se\/#organization"},"potentialAction":[{"@type":"SearchAction","target":{"@type":"EntryPoint","urlTemplate":"https:\/\/im.se\/?s={search_term_string}"},"query-input":{"@type":"PropertyValueSpecification","valueRequired":true,"valueName":"search_term_string"}}],"inLanguage":"nb-NO"},{"@type":"Organization","@id":"https:\/\/im.se\/#organization","name":"Industri-Matematik International AB","alternateName":"IMI Supply Chain Solution","url":"https:\/\/im.se\/","logo":{"@type":"ImageObject","inLanguage":"nb-NO","@id":"https:\/\/im.se\/#\/schema\/logo\/image\/","url":"https:\/\/im.se\/wp-content\/uploads\/2024\/10\/imi.jpg","contentUrl":"https:\/\/im.se\/wp-content\/uploads\/2024\/10\/imi.jpg","width":900,"height":700,"caption":"Industri-Matematik International AB"},"image":{"@id":"https:\/\/im.se\/#\/schema\/logo\/image\/"},"sameAs":["https:\/\/www.linkedin.com\/company\/industri-matematik-international-ab\/"]}]}},"_links":{"self":[{"href":"https:\/\/im.se\/no\/wp-json\/wp\/v2\/pages\/14158","targetHints":{"allow":["GET"]}}],"collection":[{"href":"https:\/\/im.se\/no\/wp-json\/wp\/v2\/pages"}],"about":[{"href":"https:\/\/im.se\/no\/wp-json\/wp\/v2\/types\/page"}],"author":[{"embeddable":true,"href":"https:\/\/im.se\/no\/wp-json\/wp\/v2\/users\/12"}],"replies":[{"embeddable":true,"href":"https:\/\/im.se\/no\/wp-json\/wp\/v2\/comments?post=14158"}],"version-history":[{"count":7,"href":"https:\/\/im.se\/no\/wp-json\/wp\/v2\/pages\/14158\/revisions"}],"predecessor-version":[{"id":17858,"href":"https:\/\/im.se\/no\/wp-json\/wp\/v2\/pages\/14158\/revisions\/17858"}],"up":[{"embeddable":true,"href":"https:\/\/im.se\/no\/wp-json\/wp\/v2\/pages\/14093"}],"wp:attachment":[{"href":"https:\/\/im.se\/no\/wp-json\/wp\/v2\/media?parent=14158"}],"curies":[{"name":"wp","href":"https:\/\/api.w.org\/{rel}","templated":true}]}}